{"id":11,"date":"2017-04-18T16:15:52","date_gmt":"2017-04-18T16:15:52","guid":{"rendered":"http:\/\/www.nogafa.org\/?page_id=11"},"modified":"2017-04-18T16:15:52","modified_gmt":"2017-04-18T16:15:52","slug":"francais","status":"publish","type":"page","link":"https:\/\/www.nogafa.org\/index.php\/francais\/","title":{"rendered":"Fran\u00e7ais"},"content":{"rendered":"<p>nogafa.org a pour but de lutter contrer la pr\u00e9dominance des GAFA sur Internet.<\/p>\n<p>Nombreuses sont les associations qui proposent \u00e0 prix modique des h\u00e9bergements autog\u00e9r\u00e9s, et c&#8217;est tr\u00e8s bien. Cependant, les masses se tournent toujours vers la gratuit\u00e9.<\/p>\n<p>Nous pr\u00f4nons l&#8217;auto-h\u00e9bergement, cependant tout le monde n&#8217;a pas les capacit\u00e9s techniques d&#8217;y parvenir.<\/p>\n<p>Fort de ces constats, il serait int\u00e9ressant de transposer le concept du SEL \u00e0 l&#8217;informatique.<\/p>\n<p>Ici, on \u00e9change de l&#8217;aide sur la cr\u00e9ation et l&#8217;h\u00e9bergement de sites contre de l&#8217;aide sur d&#8217;autres projets.<\/p>\n<p>A ce jour :<\/p>\n<p>&#8211; nous fournissons gratuitement et sans pub des h\u00e9bergements de sites web.<\/p>\n<p>&#8211; nous pouvons vous aider \u00e0 cr\u00e9er votre site web en contrepartie d&#8217;aide sur nos projets.<\/p>\n<p>&#8211; nous militons activement pour l&#8217;utilisation de logiciels libres.<\/p>\n<p>&#8211; nous fournissons gratuitement des tuyaux concernant les alternatives possibles aux GAFA.<\/p>\n<p>&nbsp;<\/p>\n","protected":false},"excerpt":{"rendered":"<p>nogafa.org a pour but de lutter contrer la pr\u00e9dominance des GAFA sur Internet. Nombreuses sont les associations qui proposent \u00e0 prix modique des h\u00e9bergements autog\u00e9r\u00e9s, et c&#8217;est tr\u00e8s bien. Cependant, les masses se tournent toujours vers la gratuit\u00e9. Nous pr\u00f4nons l&#8217;auto-h\u00e9bergement, cependant tout le monde n&#8217;a pas les capacit\u00e9s techniques d&#8217;y parvenir. Fort de ces &hellip; <\/p>\n<p class=\"link-more\"><a href=\"https:\/\/www.nogafa.org\/index.php\/francais\/\" class=\"more-link\">Continue reading<span class=\"screen-reader-text\"> &#8220;Fran\u00e7ais&#8221;<\/span><\/a><\/p>\n","protected":false},"author":1,"featured_media":0,"parent":0,"menu_order":0,"comment_status":"closed","ping_status":"closed","template":"","meta":{"footnotes":""},"class_list":["post-11","page","type-page","status-publish","hentry"],"_links":{"self":[{"href":"https:\/\/www.nogafa.org\/index.php\/wp-json\/wp\/v2\/pages\/11","targetHints":{"allow":["GET"]}}],"collection":[{"href":"https:\/\/www.nogafa.org\/index.php\/wp-json\/wp\/v2\/pages"}],"about":[{"href":"https:\/\/www.nogafa.org\/index.php\/wp-json\/wp\/v2\/types\/page"}],"author":[{"embeddable":true,"href":"https:\/\/www.nogafa.org\/index.php\/wp-json\/wp\/v2\/users\/1"}],"replies":[{"embeddable":true,"href":"https:\/\/www.nogafa.org\/index.php\/wp-json\/wp\/v2\/comments?post=11"}],"version-history":[{"count":3,"href":"https:\/\/www.nogafa.org\/index.php\/wp-json\/wp\/v2\/pages\/11\/revisions"}],"predecessor-version":[{"id":14,"href":"https:\/\/www.nogafa.org\/index.php\/wp-json\/wp\/v2\/pages\/11\/revisions\/14"}],"wp:attachment":[{"href":"https:\/\/www.nogafa.org\/index.php\/wp-json\/wp\/v2\/media?parent=11"}],"curies":[{"name":"wp","href":"https:\/\/api.w.org\/{rel}","templated":true}]}}